{"id":395,"date":"2020-01-24T14:49:05","date_gmt":"2020-01-24T13:49:05","guid":{"rendered":"https:\/\/www.rufv-bruckhausen.de\/?page_id=395"},"modified":"2020-02-01T09:45:42","modified_gmt":"2020-02-01T08:45:42","slug":"himmelfahrts-turnier-2019","status":"publish","type":"page","link":"https:\/\/www.rufv-bruckhausen.de\/?page_id=395","title":{"rendered":"Himmelfahrts-Turnier 2019"},"content":{"rendered":"\n<figure class=\"wp-block-gallery columns-3 is-cropped wp-block-gallery-1 is-layout-flex wp-block-gallery-is-layout-flex\"><ul class=\"blocks-gallery-grid\"><li class=\"blocks-gallery-item\"><figure><img loading=\"lazy\" decoding=\"async\" width=\"1024\" height=\"576\" src=\"https:\/\/www.rufv-bruckhausen.de\/wp-content\/uploads\/2020\/02\/IMG-20200117-WA0007-1024x576.jpg\" alt=\"\" data-id=\"418\" data-full-url=\"https:\/\/www.rufv-bruckhausen.de\/wp-content\/uploads\/2020\/02\/IMG-20200117-WA0007.jpg\" data-link=\"https:\/\/www.rufv-bruckhausen.de\/?attachment_id=418\" class=\"wp-image-418\" srcset=\"https:\/\/www.rufv-bruckhausen.de\/wp-content\/uploads\/2020\/02\/IMG-20200117-WA0007-1024x576.jpg 1024w, https:\/\/www.rufv-bruckhausen.de\/wp-content\/uploads\/2020\/02\/IMG-20200117-WA0007-300x169.jpg 300w, https:\/\/www.rufv-bruckhausen.de\/wp-content\/uploads\/2020\/02\/IMG-20200117-WA0007-768x432.jpg 768w, https:\/\/www.rufv-bruckhausen.de\/wp-content\/uploads\/2020\/02\/IMG-20200117-WA0007-1536x864.jpg 1536w, https:\/\/www.rufv-bruckhausen.de\/wp-content\/uploads\/2020\/02\/IMG-20200117-WA0007.jpg 1600w\" sizes=\"auto, (max-width: 1024px) 100vw, 1024px\" \/><\/figure><\/li><li class=\"blocks-gallery-item\"><figure><img loading=\"lazy\" decoding=\"async\" width=\"1024\" height=\"554\" src=\"https:\/\/www.rufv-bruckhausen.de\/wp-content\/uploads\/2020\/02\/IMG-20200117-WA0000-1024x554.jpg\" alt=\"\" data-id=\"419\" data-full-url=\"https:\/\/www.rufv-bruckhausen.de\/wp-content\/uploads\/2020\/02\/IMG-20200117-WA0000.jpg\" data-link=\"https:\/\/www.rufv-bruckhausen.de\/?attachment_id=419\" class=\"wp-image-419\" srcset=\"https:\/\/www.rufv-bruckhausen.de\/wp-content\/uploads\/2020\/02\/IMG-20200117-WA0000-1024x554.jpg 1024w, https:\/\/www.rufv-bruckhausen.de\/wp-content\/uploads\/2020\/02\/IMG-20200117-WA0000-300x162.jpg 300w, https:\/\/www.rufv-bruckhausen.de\/wp-content\/uploads\/2020\/02\/IMG-20200117-WA0000-768x416.jpg 768w, https:\/\/www.rufv-bruckhausen.de\/wp-content\/uploads\/2020\/02\/IMG-20200117-WA0000-1536x831.jpg 1536w, https:\/\/www.rufv-bruckhausen.de\/wp-content\/uploads\/2020\/02\/IMG-20200117-WA0000.jpg 1600w\" sizes=\"auto, (max-width: 1024px) 100vw, 1024px\" \/><\/figure><\/li><li class=\"blocks-gallery-item\"><figure><img loading=\"lazy\" decoding=\"async\" width=\"1024\" height=\"576\" src=\"https:\/\/www.rufv-bruckhausen.de\/wp-content\/uploads\/2020\/02\/IMG-20200117-WA0001-1024x576.jpg\" alt=\"\" data-id=\"420\" data-full-url=\"https:\/\/www.rufv-bruckhausen.de\/wp-content\/uploads\/2020\/02\/IMG-20200117-WA0001.jpg\" data-link=\"https:\/\/www.rufv-bruckhausen.de\/?attachment_id=420\" class=\"wp-image-420\" srcset=\"https:\/\/www.rufv-bruckhausen.de\/wp-content\/uploads\/2020\/02\/IMG-20200117-WA0001-1024x576.jpg 1024w, https:\/\/www.rufv-bruckhausen.de\/wp-content\/uploads\/2020\/02\/IMG-20200117-WA0001-300x169.jpg 300w, https:\/\/www.rufv-bruckhausen.de\/wp-content\/uploads\/2020\/02\/IMG-20200117-WA0001-768x432.jpg 768w, https:\/\/www.rufv-bruckhausen.de\/wp-content\/uploads\/2020\/02\/IMG-20200117-WA0001-1536x864.jpg 1536w, https:\/\/www.rufv-bruckhausen.de\/wp-content\/uploads\/2020\/02\/IMG-20200117-WA0001.jpg 1600w\" sizes=\"auto, (max-width: 1024px) 100vw, 1024px\" \/><\/figure><\/li><li class=\"blocks-gallery-item\"><figure><img loading=\"lazy\" decoding=\"async\" width=\"576\" height=\"1024\" src=\"https:\/\/www.rufv-bruckhausen.de\/wp-content\/uploads\/2020\/02\/IMG-20200117-WA0002-576x1024.jpg\" alt=\"\" data-id=\"421\" data-full-url=\"https:\/\/www.rufv-bruckhausen.de\/wp-content\/uploads\/2020\/02\/IMG-20200117-WA0002.jpg\" data-link=\"https:\/\/www.rufv-bruckhausen.de\/?attachment_id=421\" class=\"wp-image-421\" srcset=\"https:\/\/www.rufv-bruckhausen.de\/wp-content\/uploads\/2020\/02\/IMG-20200117-WA0002-576x1024.jpg 576w, https:\/\/www.rufv-bruckhausen.de\/wp-content\/uploads\/2020\/02\/IMG-20200117-WA0002-169x300.jpg 169w, https:\/\/www.rufv-bruckhausen.de\/wp-content\/uploads\/2020\/02\/IMG-20200117-WA0002-768x1365.jpg 768w, https:\/\/www.rufv-bruckhausen.de\/wp-content\/uploads\/2020\/02\/IMG-20200117-WA0002-864x1536.jpg 864w, https:\/\/www.rufv-bruckhausen.de\/wp-content\/uploads\/2020\/02\/IMG-20200117-WA0002.jpg 900w\" sizes=\"auto, (max-width: 576px) 100vw, 576px\" \/><\/figure><\/li><li class=\"blocks-gallery-item\"><figure><img loading=\"lazy\" decoding=\"async\" width=\"576\" height=\"1024\" src=\"https:\/\/www.rufv-bruckhausen.de\/wp-content\/uploads\/2020\/02\/IMG-20200117-WA0006-576x1024.jpg\" alt=\"\" data-id=\"425\" data-full-url=\"https:\/\/www.rufv-bruckhausen.de\/wp-content\/uploads\/2020\/02\/IMG-20200117-WA0006.jpg\" data-link=\"https:\/\/www.rufv-bruckhausen.de\/?attachment_id=425\" class=\"wp-image-425\" srcset=\"https:\/\/www.rufv-bruckhausen.de\/wp-content\/uploads\/2020\/02\/IMG-20200117-WA0006-576x1024.jpg 576w, https:\/\/www.rufv-bruckhausen.de\/wp-content\/uploads\/2020\/02\/IMG-20200117-WA0006-169x300.jpg 169w, https:\/\/www.rufv-bruckhausen.de\/wp-content\/uploads\/2020\/02\/IMG-20200117-WA0006-768x1365.jpg 768w, https:\/\/www.rufv-bruckhausen.de\/wp-content\/uploads\/2020\/02\/IMG-20200117-WA0006-864x1536.jpg 864w, https:\/\/www.rufv-bruckhausen.de\/wp-content\/uploads\/2020\/02\/IMG-20200117-WA0006.jpg 900w\" sizes=\"auto, (max-width: 576px) 100vw, 576px\" \/><\/figure><\/li><\/ul><\/figure>\n\n\n\n<p>Vom 29.05.-02.06.2019 fand unser traditionelles Himmelfahrtsturnier statt. Erstmals konnten fast alle Pr\u00fcfungen, auf unserem neu gestalteten Hauptplatz veranstaltet werden. Mittwoch, Donnerstag und Sonntag fanden die Springpr\u00fcfungen statt und Freitag und Samstag wurde durch unserer flei\u00dfigen Helfer, der Hauptplatz umger\u00fcstet f\u00fcr die Dressur. <\/p>\n\n\n\n<p>Auch Petrus hatte es in diesem Jahr wirklich sehr gut mit uns gemeint und so konnten bei besten Wetter alle Pr\u00fcfungen statt finden. Der ein oder andere Sonnenbrand wurde sich zugezogen, aber dies hat unsere Helfer nicht davon abgehalten, f\u00fcr einen reibungslosen Ablauf zu Sorgen.<\/p>\n\n\n\n<p>Die Highlights waren in 2019 sicherlich die Springpr\u00fcfung Kl.S* mit Stechen, dass Jan Berning vom RV Laer mit Grandessa 399 f\u00fcr sich entscheiden konnte und die Dressurp\u00fcfung Kl S* in der Stefanie Wolf, vom RV Kr\u00fcsterhof Voerde mit Rockman Royal NG, den Sieg mit nach Hause nehmen konnte.<\/p>\n\n\n\n<p>Doch nicht nur bei den Profis sondern bis hin zur kleinsten Klasse, konnten viele Strahlende Gesichter gesehen werden.<\/p>\n\n\n\n<p>Ein weiteres sch\u00f6nes Ereignis war die Verleihung des Goldenen Reitabzeichen an unser Vereinsmitglied Simone Boie.<\/p>\n\n\n\n<p>Auch die Abende mit sommerlichen Temperaturen, haben wir am Freitag mit einem Sponsorenabend, sowie am Samstag mit einem Vereinsgrillen ausklingen lassen.<\/p>\n\n\n\n<p>Wir bedanken uns bei allen Sponsoren und Helfern, nur durch Sie und Euch ist so eine Veranstaltung \u00fcberhaupt m\u00f6glich und bedanken Uns f\u00fcr so ein sch\u00f6nes Turnier. Wir freuen uns bereits jetzt schon auf das Himmelfahrtsturnier 2020.<\/p>\n","protected":false},"excerpt":{"rendered":"<p>Vom 29.05.-02.06.2019 fand unser traditionelles Himmelfahrtsturnier statt. Erstmals konnten fast alle Pr\u00fcfungen, auf unserem neu gestalteten Hauptplatz veranstaltet werden. Mittwoch, Donnerstag und Sonntag fanden die &hellip; <\/p>\n","protected":false},"author":4,"featured_media":0,"parent":0,"menu_order":0,"comment_status":"closed","ping_status":"closed","template":"","meta":{"_bbp_topic_count":0,"_bbp_reply_count":0,"_bbp_total_topic_count":0,"_bbp_total_reply_count":0,"_bbp_voice_count":0,"_bbp_anonymous_reply_count":0,"_bbp_topic_count_hidden":0,"_bbp_reply_count_hidden":0,"_bbp_forum_subforum_count":0,"footnotes":""},"class_list":["post-395","page","type-page","status-publish","hentry"],"_links":{"self":[{"href":"https:\/\/www.rufv-bruckhausen.de\/index.php?rest_route=\/wp\/v2\/pages\/395","targetHints":{"allow":["GET"]}}],"collection":[{"href":"https:\/\/www.rufv-bruckhausen.de\/index.php?rest_route=\/wp\/v2\/pages"}],"about":[{"href":"https:\/\/www.rufv-bruckhausen.de\/index.php?rest_route=\/wp\/v2\/types\/page"}],"author":[{"embeddable":true,"href":"https:\/\/www.rufv-bruckhausen.de\/index.php?rest_route=\/wp\/v2\/users\/4"}],"replies":[{"embeddable":true,"href":"https:\/\/www.rufv-bruckhausen.de\/index.php?rest_route=%2Fwp%2Fv2%2Fcomments&post=395"}],"version-history":[{"count":2,"href":"https:\/\/www.rufv-bruckhausen.de\/index.php?rest_route=\/wp\/v2\/pages\/395\/revisions"}],"predecessor-version":[{"id":426,"href":"https:\/\/www.rufv-bruckhausen.de\/index.php?rest_route=\/wp\/v2\/pages\/395\/revisions\/426"}],"wp:attachment":[{"href":"https:\/\/www.rufv-bruckhausen.de\/index.php?rest_route=%2Fwp%2Fv2%2Fmedia&parent=395"}],"curies":[{"name":"wp","href":"https:\/\/api.w.org\/{rel}","templated":true}]}}