{"id":432,"date":"2020-02-05T14:12:02","date_gmt":"2020-02-05T13:12:02","guid":{"rendered":"https:\/\/www.rufv-bruckhausen.de\/?page_id=432"},"modified":"2020-02-05T14:12:02","modified_gmt":"2020-02-05T13:12:02","slug":"reitunterricht","status":"publish","type":"page","link":"https:\/\/www.rufv-bruckhausen.de\/?page_id=432","title":{"rendered":"Reitunterricht"},"content":{"rendered":"\n<p>Der RuFV Bruckhausen bietet Reitunterricht in der Dressur als auch im Springen an.<\/p>\n\n\n\n<p><strong>Dressur<\/strong>:<\/p>\n\n\n\n<p>Der Dressurunterricht findet immer Mittwoch ab 18:30 Uhr bei Julia K\u00f6rber auf der Reitanlage von Familie R\u00f6sel statt. Bei sch\u00f6nen Wetter wird ggf. auch mal auf das Vereinsgel\u00e4nde ausgewichen.<\/p>\n\n\n\n<p><strong>Springen<\/strong>:<\/p>\n\n\n\n<p>Der Springunterricht findet im Winter immer Samstags Vormittag nach Absprach bei Thomas Voss auf dessen eigener Anlage statt. Im Sommer findet der Unterricht am Dienstag nach Absprache statt.<\/p>\n","protected":false},"excerpt":{"rendered":"<p>Der RuFV Bruckhausen bietet Reitunterricht in der Dressur als auch im Springen an. Dressur: Der Dressurunterricht findet immer Mittwoch ab 18:30 Uhr bei Julia K\u00f6rber &hellip; <\/p>\n","protected":false},"author":4,"featured_media":0,"parent":0,"menu_order":0,"comment_status":"closed","ping_status":"closed","template":"","meta":{"_bbp_topic_count":0,"_bbp_reply_count":0,"_bbp_total_topic_count":0,"_bbp_total_reply_count":0,"_bbp_voice_count":0,"_bbp_anonymous_reply_count":0,"_bbp_topic_count_hidden":0,"_bbp_reply_count_hidden":0,"_bbp_forum_subforum_count":0,"footnotes":""},"class_list":["post-432","page","type-page","status-publish","hentry"],"_links":{"self":[{"href":"https:\/\/www.rufv-bruckhausen.de\/index.php?rest_route=\/wp\/v2\/pages\/432","targetHints":{"allow":["GET"]}}],"collection":[{"href":"https:\/\/www.rufv-bruckhausen.de\/index.php?rest_route=\/wp\/v2\/pages"}],"about":[{"href":"https:\/\/www.rufv-bruckhausen.de\/index.php?rest_route=\/wp\/v2\/types\/page"}],"author":[{"embeddable":true,"href":"https:\/\/www.rufv-bruckhausen.de\/index.php?rest_route=\/wp\/v2\/users\/4"}],"replies":[{"embeddable":true,"href":"https:\/\/www.rufv-bruckhausen.de\/index.php?rest_route=%2Fwp%2Fv2%2Fcomments&post=432"}],"version-history":[{"count":3,"href":"https:\/\/www.rufv-bruckhausen.de\/index.php?rest_route=\/wp\/v2\/pages\/432\/revisions"}],"predecessor-version":[{"id":458,"href":"https:\/\/www.rufv-bruckhausen.de\/index.php?rest_route=\/wp\/v2\/pages\/432\/revisions\/458"}],"wp:attachment":[{"href":"https:\/\/www.rufv-bruckhausen.de\/index.php?rest_route=%2Fwp%2Fv2%2Fmedia&parent=432"}],"curies":[{"name":"wp","href":"https:\/\/api.w.org\/{rel}","templated":true}]}}