{"id":5,"date":"2017-01-13T17:38:45","date_gmt":"2017-01-13T16:38:45","guid":{"rendered":"https:\/\/www.rufv-bruckhausen.de\/?page_id=5"},"modified":"2025-04-18T13:03:59","modified_gmt":"2025-04-18T12:03:59","slug":"der-vorstand","status":"publish","type":"page","link":"https:\/\/www.rufv-bruckhausen.de\/?page_id=5","title":{"rendered":"Der Vorstand"},"content":{"rendered":"<p><strong>Reit- und Fahrverein Bruckhausen 1925 e.V.<\/strong><br \/><strong>Sternweg 55<\/strong><br \/><strong>46569 H\u00fcnxe<\/strong><br \/><strong>Homepage: \u00a0 <\/strong><a href=\"https:\/\/www.rufv-bruckhausen.de\/\">www.rufv-bruckhausen.de<br \/><\/a><strong>E-MAIL:\u00a0\u00a0\u00a0\u00a0\u00a0\u00a0\u00a0\u00a0\u00a0 <\/strong><a href=\"mailto:info@rufv-bruckhausen.de\">info@rufv-bruckhausen.de<\/a><\/p>\r\n<table width=\"388\">\r\n<tbody>\r\n<tr>\r\n<td style=\"text-align: center;\" colspan=\"2\" width=\"388\"><strong>Vorsitzenden-Team<\/strong><\/td>\r\n<\/tr>\r\n<tr>\r\n<td style=\"text-align: center;\" colspan=\"2\">J\u00f6rg Benninghoff, Andreas Vo\u00df &amp; Tobias Schult<\/td>\r\n<\/tr>\r\n<tr>\r\n<td>\u00a0<\/td>\r\n<td>\u00a0<\/td>\r\n<\/tr>\r\n<tr>\r\n<td><strong>Gesch\u00e4ftsf\u00fchrer<\/strong><\/td>\r\n<td><strong>Stellvertr. Gesch\u00e4ftsf\u00fchrer<\/strong><\/td>\r\n<\/tr>\r\n<tr>\r\n<td>Marc Impelmann<\/td>\r\n<td>Tina Knoth<\/td>\r\n<\/tr>\r\n<tr>\r\n<td>\u00a0<\/td>\r\n<td>\u00a0<\/td>\r\n<\/tr>\r\n<tr>\r\n<td><strong>Kassenwart<\/strong><\/td>\r\n<td><strong>Stellvertr. Kassenwart<\/strong><\/td>\r\n<\/tr>\r\n<tr>\r\n<td>Petra Marzahn<\/td>\r\n<td>Stefanie Ewertz<\/td>\r\n<\/tr>\r\n<tr>\r\n<td>\u00a0<\/td>\r\n<td>\u00a0<\/td>\r\n<\/tr>\r\n<tr>\r\n<td><strong>Sportwart<\/strong><\/td>\r\n<td><strong>Stellvertr. Sportwart<\/strong><\/td>\r\n<\/tr>\r\n<tr>\r\n<td>Christina Vo\u00df<\/td>\r\n<td>Miriam Richter<\/td>\r\n<\/tr>\r\n<tr>\r\n<td>\u00a0<\/td>\r\n<td>\u00a0<\/td>\r\n<\/tr>\r\n<tr>\r\n<td><strong>Jugendwart<\/strong><\/td>\r\n<td><strong>Stellvertr. Jugendwart<\/strong><\/td>\r\n<\/tr>\r\n<tr>\r\n<td>Elena Horstkamp<\/td>\r\n<td>Lana Sch\u00e4fen<\/td>\r\n<\/tr>\r\n<tr>\r\n<td>\u00a0<\/td>\r\n<td>\u00a0<\/td>\r\n<\/tr>\r\n<tr>\r\n<td><strong>Freizeitbeauftragte<\/strong><\/td>\r\n<td><strong>Stellvert Freizeitbeauftragte<\/strong><\/td>\r\n<\/tr>\r\n<tr>\r\n<td>Astrid Sch\u00fcrmann<\/td>\r\n<td>Laura Schmenk<\/td>\r\n<\/tr>\r\n<tr>\r\n<td>\u00a0<\/td>\r\n<td>\u00a0<\/td>\r\n<\/tr>\r\n<tr>\r\n<td colspan=\"2\"><strong>Beisitzer<\/strong><\/td>\r\n<\/tr>\r\n<tr>\r\n<td colspan=\"2\">Ulrike Pankonin &amp; Paul R\u00f6sel<\/td>\r\n<\/tr>\r\n<tr>\r\n<td>\u00a0<\/td>\r\n<td>\u00a0<\/td>\r\n<\/tr>\r\n<tr>\r\n<td><strong>Pressewart\u00a0<\/strong><\/td>\r\n<td>\u00a0<\/td>\r\n<\/tr>\r\n<tr>\r\n<td>Wiebke Miltenberger<\/td>\r\n<td>\u00a0<\/td>\r\n<\/tr>\r\n<\/tbody>\r\n<\/table>\r\n\r\n<p>&nbsp;<\/p>\r\n","protected":false},"excerpt":{"rendered":"<p>Reit- und Fahrverein Bruckhausen 1925 e.V.Sternweg 5546569 H\u00fcnxeHomepage: \u00a0 www.rufv-bruckhausen.deE-MAIL:\u00a0\u00a0\u00a0\u00a0\u00a0\u00a0\u00a0\u00a0\u00a0 info@rufv-bruckhausen.de Vorsitzenden-Team J\u00f6rg Benninghoff, Andreas Vo\u00df &amp; Tobias Schult \u00a0 \u00a0 Gesch\u00e4ftsf\u00fchrer Stellvertr. Gesch\u00e4ftsf\u00fchrer Marc &hellip; <\/p>\n","protected":false},"author":2,"featured_media":0,"parent":0,"menu_order":0,"comment_status":"closed","ping_status":"closed","template":"","meta":{"_bbp_topic_count":0,"_bbp_reply_count":0,"_bbp_total_topic_count":0,"_bbp_total_reply_count":0,"_bbp_voice_count":0,"_bbp_anonymous_reply_count":0,"_bbp_topic_count_hidden":0,"_bbp_reply_count_hidden":0,"_bbp_forum_subforum_count":0,"footnotes":""},"class_list":["post-5","page","type-page","status-publish","hentry"],"_links":{"self":[{"href":"https:\/\/www.rufv-bruckhausen.de\/index.php?rest_route=\/wp\/v2\/pages\/5","targetHints":{"allow":["GET"]}}],"collection":[{"href":"https:\/\/www.rufv-bruckhausen.de\/index.php?rest_route=\/wp\/v2\/pages"}],"about":[{"href":"https:\/\/www.rufv-bruckhausen.de\/index.php?rest_route=\/wp\/v2\/types\/page"}],"author":[{"embeddable":true,"href":"https:\/\/www.rufv-bruckhausen.de\/index.php?rest_route=\/wp\/v2\/users\/2"}],"replies":[{"embeddable":true,"href":"https:\/\/www.rufv-bruckhausen.de\/index.php?rest_route=%2Fwp%2Fv2%2Fcomments&post=5"}],"version-history":[{"count":20,"href":"https:\/\/www.rufv-bruckhausen.de\/index.php?rest_route=\/wp\/v2\/pages\/5\/revisions"}],"predecessor-version":[{"id":1340,"href":"https:\/\/www.rufv-bruckhausen.de\/index.php?rest_route=\/wp\/v2\/pages\/5\/revisions\/1340"}],"wp:attachment":[{"href":"https:\/\/www.rufv-bruckhausen.de\/index.php?rest_route=%2Fwp%2Fv2%2Fmedia&parent=5"}],"curies":[{"name":"wp","href":"https:\/\/api.w.org\/{rel}","templated":true}]}}