{"id":506,"date":"2020-06-21T09:57:06","date_gmt":"2020-06-21T08:57:06","guid":{"rendered":"https:\/\/www.rufv-bruckhausen.de\/?page_id=506"},"modified":"2020-07-14T08:41:42","modified_gmt":"2020-07-14T07:41:42","slug":"late-entry-turnier-2020","status":"publish","type":"page","link":"https:\/\/www.rufv-bruckhausen.de\/?page_id=506","title":{"rendered":"Late Entry Turnier 2020"},"content":{"rendered":"\n<p>Da unser gewohntes Himmelfahrts-Turnier aufgrund der Corona Pandemie nicht statt finden konnte, freuen Wir uns umso mehr in diesem Jahr, zum ersten Mal ein Late Entry Turnier ausf\u00fchren zu d\u00fcrfen, dieses wir in zwei Veranstaltungen unterteilt. In Zusammenarbeit mit den Beh\u00f6rden konnten wir ein gutes Konzept erarbeiten.<\/p>\n\n\n\n<p>An beiden Turnieren gelten die unter Nennung-Online Vorgegebenen Bedingungen zur Durchf\u00fchrung dieser Sportveranstaltung zur Bek\u00e4mpfung der Corona Pandemie. Diese Anweisungen sind strikt einzuhalten, ansonsten wird man dem Turniergel\u00e4nde zum Schutze Aller verwiesen.<\/p>\n\n\n\n<p><strong>Die erste Veranstaltung wird an zwei Wochenenden statt finden:<\/strong><\/p>\n\n\n\n<p>Dressur vom 27.06.-28.06.2020<\/p>\n\n\n\n<p>Springen vom 04.07.-05.07.2020<\/p>\n\n\n\n<p><strong>Ausschreibung:<\/strong>  <a href=\"https:\/\/www.rufv-bruckhausen.de\/wp-content\/uploads\/2020\/06\/Ausschreibung-1.-und-2-Wochenende-1.pdf\">https:\/\/www.rufv-bruckhausen.de\/wp-content\/uploads\/2020\/06\/Ausschreibung-1.-und-2-Wochenende-1.pdf<\/a><\/p>\n\n\n\n<p><strong>Zeiteinteilung:<\/strong> <a href=\"https:\/\/www.rufv-bruckhausen.de\/wp-content\/uploads\/2020\/06\/zeit20.pdf\">https:\/\/www.rufv-bruckhausen.de\/wp-content\/uploads\/2020\/06\/zeit20.pdf<\/a><\/p>\n\n\n\n<p><strong>Teilnehmerliste<\/strong>: <a href=\"https:\/\/www.rufv-bruckhausen.de\/wp-content\/uploads\/2020\/06\/tp20.pdf\">https:\/\/www.rufv-bruckhausen.de\/wp-content\/uploads\/2020\/06\/tp20.pdf<\/a><\/p>\n\n\n\n<p><\/p>\n\n\n\n<p>W\u00e4hrend dieser Veranstaltung werden Fotos von Nicola Behr gemacht, die Sie sich online nach dem Turnier ansehen und kostenpflichtig \u00fcber Sie erwerben k\u00f6nnen.<\/p>\n\n\n\n<p><strong>Die zweite Veranstaltung findet am 30.06.20 mit einem Dressurturnier f\u00fcr Jungpferde inkl. Sichtung zum Bundeschampionat statt.<\/strong><\/p>\n\n\n\n<p><strong>Ausschreibung:<\/strong>  <a href=\"https:\/\/www.rufv-bruckhausen.de\/wp-content\/uploads\/2020\/06\/Ausschreibung-30.06.2020.pdf\">https:\/\/www.rufv-bruckhausen.de\/wp-content\/uploads\/2020\/06\/Ausschreibung-30.06.2020.pdf<\/a><\/p>\n\n\n\n<p><strong>Zeiteinteilung: <\/strong><\/p>\n\n\n\n<p><\/p>\n\n\n\n<p><\/p>\n","protected":false},"excerpt":{"rendered":"<p>Da unser gewohntes Himmelfahrts-Turnier aufgrund der Corona Pandemie nicht statt finden konnte, freuen Wir uns umso mehr in diesem Jahr, zum ersten Mal ein Late &hellip; <\/p>\n","protected":false},"author":4,"featured_media":0,"parent":0,"menu_order":0,"comment_status":"closed","ping_status":"closed","template":"","meta":{"_bbp_topic_count":0,"_bbp_reply_count":0,"_bbp_total_topic_count":0,"_bbp_total_reply_count":0,"_bbp_voice_count":0,"_bbp_anonymous_reply_count":0,"_bbp_topic_count_hidden":0,"_bbp_reply_count_hidden":0,"_bbp_forum_subforum_count":0,"footnotes":""},"class_list":["post-506","page","type-page","status-publish","hentry"],"_links":{"self":[{"href":"https:\/\/www.rufv-bruckhausen.de\/index.php?rest_route=\/wp\/v2\/pages\/506","targetHints":{"allow":["GET"]}}],"collection":[{"href":"https:\/\/www.rufv-bruckhausen.de\/index.php?rest_route=\/wp\/v2\/pages"}],"about":[{"href":"https:\/\/www.rufv-bruckhausen.de\/index.php?rest_route=\/wp\/v2\/types\/page"}],"author":[{"embeddable":true,"href":"https:\/\/www.rufv-bruckhausen.de\/index.php?rest_route=\/wp\/v2\/users\/4"}],"replies":[{"embeddable":true,"href":"https:\/\/www.rufv-bruckhausen.de\/index.php?rest_route=%2Fwp%2Fv2%2Fcomments&post=506"}],"version-history":[{"count":8,"href":"https:\/\/www.rufv-bruckhausen.de\/index.php?rest_route=\/wp\/v2\/pages\/506\/revisions"}],"predecessor-version":[{"id":524,"href":"https:\/\/www.rufv-bruckhausen.de\/index.php?rest_route=\/wp\/v2\/pages\/506\/revisions\/524"}],"wp:attachment":[{"href":"https:\/\/www.rufv-bruckhausen.de\/index.php?rest_route=%2Fwp%2Fv2%2Fmedia&parent=506"}],"curies":[{"name":"wp","href":"https:\/\/api.w.org\/{rel}","templated":true}]}}