{"id":58,"date":"2017-03-19T18:48:41","date_gmt":"2017-03-19T17:48:41","guid":{"rendered":"https:\/\/www.rufv-bruckhausen.de\/?page_id=58"},"modified":"2026-04-22T07:25:58","modified_gmt":"2026-04-22T06:25:58","slug":"downloads","status":"publish","type":"page","link":"https:\/\/www.rufv-bruckhausen.de\/?page_id=58","title":{"rendered":"Downloads"},"content":{"rendered":"<p>Liebe Vereinsmitglieder und G\u00e4ste!<\/p>\n<p>Hier findet ihr einige Informationen zu unserem Verein.<\/p>\n<p><a href=\"https:\/\/www.rufv-bruckhausen.de\/wp-content\/uploads\/2023\/09\/Beitrittserklaerung-2023.pdf\">Beitrittserkl\u00e4rung <\/a><\/p>\n<p><a href=\"https:\/\/www.rufv-bruckhausen.de\/wp-content\/uploads\/2023\/09\/Beitrittserklaerung-2023-fuer-Reitanfaenger.pdf\">Beitrittserkl\u00e4rung f\u00fcr Reitanf\u00e4nger<\/a><\/p>\n<p><a href=\"https:\/\/www.rufv-bruckhausen.de\/wp-content\/uploads\/2026\/04\/Arbeitsstunden-2026.pdf\">Arbeitsstunden 2026<\/a><\/p>\n<p><a href=\"https:\/\/www.rufv-bruckhausen.de\/wp-content\/uploads\/2017\/03\/Satzung.pdf\">Satzung<\/a><br \/>\n<a href=\"https:\/\/www.rufv-bruckhausen.de\/wp-content\/uploads\/2020\/01\/Jugendordnung-des-Reitvereins.pdf\">Jugendordnung des Reitvereins<\/a><\/p>\n<p><a href=\"https:\/\/www.rufv-bruckhausen.de\/wp-content\/uploads\/2021\/07\/Datenschutzerklaerung-2021.pdf\">Datenschutzerkl\u00e4rung<\/a><\/p>\n<p>&nbsp;<\/p>\n","protected":false},"excerpt":{"rendered":"<p>Liebe Vereinsmitglieder und G\u00e4ste! Hier findet ihr einige Informationen zu unserem Verein. Beitrittserkl\u00e4rung Beitrittserkl\u00e4rung f\u00fcr Reitanf\u00e4nger Arbeitsstunden 2026 Satzung Jugendordnung des Reitvereins Datenschutzerkl\u00e4rung &nbsp;<\/p>\n","protected":false},"author":2,"featured_media":0,"parent":0,"menu_order":0,"comment_status":"closed","ping_status":"closed","template":"","meta":{"_bbp_topic_count":0,"_bbp_reply_count":0,"_bbp_total_topic_count":0,"_bbp_total_reply_count":0,"_bbp_voice_count":0,"_bbp_anonymous_reply_count":0,"_bbp_topic_count_hidden":0,"_bbp_reply_count_hidden":0,"_bbp_forum_subforum_count":0,"footnotes":""},"class_list":["post-58","page","type-page","status-publish","hentry"],"_links":{"self":[{"href":"https:\/\/www.rufv-bruckhausen.de\/index.php?rest_route=\/wp\/v2\/pages\/58","targetHints":{"allow":["GET"]}}],"collection":[{"href":"https:\/\/www.rufv-bruckhausen.de\/index.php?rest_route=\/wp\/v2\/pages"}],"about":[{"href":"https:\/\/www.rufv-bruckhausen.de\/index.php?rest_route=\/wp\/v2\/types\/page"}],"author":[{"embeddable":true,"href":"https:\/\/www.rufv-bruckhausen.de\/index.php?rest_route=\/wp\/v2\/users\/2"}],"replies":[{"embeddable":true,"href":"https:\/\/www.rufv-bruckhausen.de\/index.php?rest_route=%2Fwp%2Fv2%2Fcomments&post=58"}],"version-history":[{"count":31,"href":"https:\/\/www.rufv-bruckhausen.de\/index.php?rest_route=\/wp\/v2\/pages\/58\/revisions"}],"predecessor-version":[{"id":1515,"href":"https:\/\/www.rufv-bruckhausen.de\/index.php?rest_route=\/wp\/v2\/pages\/58\/revisions\/1515"}],"wp:attachment":[{"href":"https:\/\/www.rufv-bruckhausen.de\/index.php?rest_route=%2Fwp%2Fv2%2Fmedia&parent=58"}],"curies":[{"name":"wp","href":"https:\/\/api.w.org\/{rel}","templated":true}]}}