{"id":621,"date":"2021-06-15T07:03:54","date_gmt":"2021-06-15T06:03:54","guid":{"rendered":"https:\/\/www.rufv-bruckhausen.de\/?page_id=621"},"modified":"2021-07-08T12:21:40","modified_gmt":"2021-07-08T11:21:40","slug":"sommerturnier-2021","status":"publish","type":"page","link":"https:\/\/www.rufv-bruckhausen.de\/?page_id=621","title":{"rendered":"Sommerturnier 2021"},"content":{"rendered":"<p><strong>Sommerturnier 2021 vom 02.07.-04.07.21 &amp; 10.07.-11.07.21<\/strong><\/p>\n<p>Da unser diesj\u00e4hriges Himmelfahrtsturnier `21 auch in diesem Jahr durch die COVID-19 Pandemie nicht ausgetragen werden konnte, sind wir umso erfreuter einen Ersatztermin gefunden zu haben. Um alle gewohnten 5 Tage abbilden zu k\u00f6nnen, wurden 2 hintereinander folgenden Wochenenden ausgew\u00e4hlt.<\/p>\n<p><span style=\"display: inline !important; float: none; background-color: transparent; color: #404040; cursor: text; font-family: 'Source Sans Pro',Graphik,-apple-system,BlinkMacSystemFont,Segoe UI,Helvetica,Arial,sans-serif; font-size: 17.93px; font-style: normal; font-variant: normal; font-weight: 400; letter-spacing: normal; orphans: 2; text-align: left; text-decoration: none; text-indent: 0px; text-transform: none; -webkit-text-stroke-width: 0px; white-space: normal; word-spacing: 0px;\">Da die Zahlen es nun endlich Zulassen und der RUFV Bruckhausen wieder einmal ein sehr gutes Konzept <\/span>vorlegen konnte<span style=\"display: inline !important; float: none; background-color: transparent; color: #404040; cursor: text; font-family: 'Source Sans Pro',Graphik,-apple-system,BlinkMacSystemFont,Segoe UI,Helvetica,Arial,sans-serif; font-size: 17.93px; font-style: normal; font-variant: normal; font-weight: 400; letter-spacing: normal; orphans: 2; text-align: left; text-decoration: none; text-indent: 0px; text-transform: none; -webkit-text-stroke-width: 0px; white-space: normal; word-spacing: 0px;\"> und die weitl\u00e4ufige freie Anlage dazu beitr\u00e4gt, haben wir eine Genehmigung bekommen, unser Turnier austragen zu d\u00fcrfen.<\/span><\/p>\n<p>Es wird von Klasse E-S f\u00fcr jeden etwas dabei sein, eine F\u00fchrz\u00fcgelklasse f\u00fcr die ganz Kleinen wird angeboten. Auch wird Dressur und Springen in diesem Jahr, an mehreren Tagen gemischt statt finden. Durch h\u00f6heren Aufwand machen wir es gerade den &#8222;Amateur&#8220;- Teilnehmer teilweise m\u00f6glich an einem Tag zu Gast zu sein, statt eine Mehrfache Anfahrt in Anspruch nehmen zu m\u00fcssen.<\/p>\n<p>Ab Dienstag den 15.06.2021 kann \u00fcber Nennung-online.de genannt werden. Die Startpl\u00e4tze sind begrenzt.<\/p>\n<p>Alle weiteren Informationen finden Sie hier:<\/p>\n<p><a href=\"https:\/\/www.rufv-bruckhausen.de\/wp-content\/uploads\/2021\/06\/aussch21.pdf\">Ausschreibung Sommerturnier 2021<\/a><\/p>\n<p><a href=\"https:\/\/www.rufv-bruckhausen.de\/wp-content\/uploads\/2021\/07\/zeit21.pdf\">Zeiteinteilung Sommerturnier 2021<\/a><\/p>\n<p><a href=\"https:\/\/www.rufv-bruckhausen.de\/wp-content\/uploads\/2021\/07\/tp21.pdf\">Teilnehmerliste Sommerturnier 2021<\/a><\/p>\n<p>&nbsp;<\/p>\n<p>&nbsp;<\/p>\n","protected":false},"excerpt":{"rendered":"<p>Sommerturnier 2021 vom 02.07.-04.07.21 &amp; 10.07.-11.07.21 Da unser diesj\u00e4hriges Himmelfahrtsturnier `21 auch in diesem Jahr durch die COVID-19 Pandemie nicht ausgetragen werden konnte, sind wir &hellip; <\/p>\n","protected":false},"author":4,"featured_media":0,"parent":0,"menu_order":0,"comment_status":"closed","ping_status":"closed","template":"","meta":{"_bbp_topic_count":0,"_bbp_reply_count":0,"_bbp_total_topic_count":0,"_bbp_total_reply_count":0,"_bbp_voice_count":0,"_bbp_anonymous_reply_count":0,"_bbp_topic_count_hidden":0,"_bbp_reply_count_hidden":0,"_bbp_forum_subforum_count":0,"footnotes":""},"class_list":["post-621","page","type-page","status-publish","hentry"],"_links":{"self":[{"href":"https:\/\/www.rufv-bruckhausen.de\/index.php?rest_route=\/wp\/v2\/pages\/621","targetHints":{"allow":["GET"]}}],"collection":[{"href":"https:\/\/www.rufv-bruckhausen.de\/index.php?rest_route=\/wp\/v2\/pages"}],"about":[{"href":"https:\/\/www.rufv-bruckhausen.de\/index.php?rest_route=\/wp\/v2\/types\/page"}],"author":[{"embeddable":true,"href":"https:\/\/www.rufv-bruckhausen.de\/index.php?rest_route=\/wp\/v2\/users\/4"}],"replies":[{"embeddable":true,"href":"https:\/\/www.rufv-bruckhausen.de\/index.php?rest_route=%2Fwp%2Fv2%2Fcomments&post=621"}],"version-history":[{"count":4,"href":"https:\/\/www.rufv-bruckhausen.de\/index.php?rest_route=\/wp\/v2\/pages\/621\/revisions"}],"predecessor-version":[{"id":640,"href":"https:\/\/www.rufv-bruckhausen.de\/index.php?rest_route=\/wp\/v2\/pages\/621\/revisions\/640"}],"wp:attachment":[{"href":"https:\/\/www.rufv-bruckhausen.de\/index.php?rest_route=%2Fwp%2Fv2%2Fmedia&parent=621"}],"curies":[{"name":"wp","href":"https:\/\/api.w.org\/{rel}","templated":true}]}}