{"id":78,"date":"2017-03-26T09:50:51","date_gmt":"2017-03-26T08:50:51","guid":{"rendered":"https:\/\/www.rufv-bruckhausen.de\/?page_id=78"},"modified":"2021-06-28T13:19:17","modified_gmt":"2021-06-28T12:19:17","slug":"impressum","status":"publish","type":"page","link":"https:\/\/www.rufv-bruckhausen.de\/?page_id=78","title":{"rendered":"Impressum\u00a0"},"content":{"rendered":"<p><strong>Verantwortlich f\u00fcr den Inhalt:<\/strong><br \/><strong>Vorstand des<br \/>Reit- und Fahrverein Bruckhausen 1925 e.V.<\/strong><br \/><strong>Sternweg 55<\/strong><br \/><strong>46569 H\u00fcnxe<br \/>Gesch\u00e4ftsf\u00fchrender Vorstand: <br \/>J\u00f6rg Benninghoff\u00a0 &#8211; 0171 1956811<br \/>Tobias Schult &#8211; 0172 7489478<br \/>Andreas Vo\u00df &#8211; 0171 4345762 <br \/><\/strong><\/p>\r\n<p><strong>Der Verein ist unter der Vereinsregister Nr. VR 30350 beim\u00a0 Amtsgericht Duisburg registriert.<\/strong><br \/><strong>Steuernummer: 101\/5763\/0294<br \/>Gl\u00e4ubiger-Identifikationsnummer: DE12ZZZ00000662069<\/strong><\/p>\r\n<p><strong>Bankverbindung:<\/strong><br \/><strong>Niederrheinische Sparkasse Rheinlippe<br \/>IBAN: DE90 3565 0000 0430 1318 62, BIC: WELADED1WES<br \/>Volksbank Rhein-Lippe eG<br \/>IBAN: DE52 3566 0599 0400 5220 22, BIC: GENODED1RLW<\/strong><\/p>\r\n<p><strong>Homepage:<\/strong>\u00a0\u00a0\u00a0 <a href=\"https:\/\/www.rufv-bruckhausen.de\/\">www.rufv-bruckhausen.de<br \/><\/a><strong>E-MAIL:\u00a0\u00a0\u00a0\u00a0\u00a0\u00a0\u00a0\u00a0\u00a0\u00a0 <\/strong><a href=\"mailto:info@rufv-bruckhausen.de\">info@rufv-bruckhausen.de<\/a><\/p>\r\n<p><strong>Copyright:<\/strong><br \/>Alle Bilder, Fotos sowie Texte auf dieser Internetseite sind Eigentum des Reit- und Fahrverein Bruckhausen 1925 e.V. Diese unterliegen dem Urheberschutzgesetz und sind nicht f\u00fcr weitere Verwendungszwecke freigeben. Falls Sie Fotos dieser Internetseite verlinken oder kopieren m\u00f6chten, m\u00fcssen Sie vorher um Erlaubnis fragen.<\/p>\r\n<p><strong>Haftungshinweis:<\/strong><br \/>Es wird darauf hingewiesen, dass keinerlei Haftung f\u00fcr die Inhalte dieser Seite \u00fcbernommen wird. Das gleich gilt auch f\u00fcr\u00a0existierende Links zu anderen Webseiten.<\/p>\r\n<p><strong>Datenschutzerkl\u00e4rung:<br \/><a href=\"https:\/\/www.rufv-bruckhausen.de\/wp-content\/uploads\/2019\/04\/Datenschutzerkl\u00e4rung-2019.pdf\">Datenschutzerkl\u00e4rung 2019<\/a><br \/><\/strong><\/p>\r\n<p><strong><br \/>Gestaltung dieser Website:<\/strong> Stefanie Ewertz<\/p>\r\n\r\n<p>&nbsp;<\/p>\r\n","protected":false},"excerpt":{"rendered":"<p>Verantwortlich f\u00fcr den Inhalt:Vorstand desReit- und Fahrverein Bruckhausen 1925 e.V.Sternweg 5546569 H\u00fcnxeGesch\u00e4ftsf\u00fchrender Vorstand: J\u00f6rg Benninghoff\u00a0 &#8211; 0171 1956811Tobias Schult &#8211; 0172 7489478Andreas Vo\u00df &#8211; 0171 &hellip; <\/p>\n","protected":false},"author":1,"featured_media":0,"parent":0,"menu_order":0,"comment_status":"closed","ping_status":"closed","template":"","meta":{"_bbp_topic_count":0,"_bbp_reply_count":0,"_bbp_total_topic_count":0,"_bbp_total_reply_count":0,"_bbp_voice_count":0,"_bbp_anonymous_reply_count":0,"_bbp_topic_count_hidden":0,"_bbp_reply_count_hidden":0,"_bbp_forum_subforum_count":0,"footnotes":""},"class_list":["post-78","page","type-page","status-publish","hentry"],"_links":{"self":[{"href":"https:\/\/www.rufv-bruckhausen.de\/index.php?rest_route=\/wp\/v2\/pages\/78","targetHints":{"allow":["GET"]}}],"collection":[{"href":"https:\/\/www.rufv-bruckhausen.de\/index.php?rest_route=\/wp\/v2\/pages"}],"about":[{"href":"https:\/\/www.rufv-bruckhausen.de\/index.php?rest_route=\/wp\/v2\/types\/page"}],"author":[{"embeddable":true,"href":"https:\/\/www.rufv-bruckhausen.de\/index.php?rest_route=\/wp\/v2\/users\/1"}],"replies":[{"embeddable":true,"href":"https:\/\/www.rufv-bruckhausen.de\/index.php?rest_route=%2Fwp%2Fv2%2Fcomments&post=78"}],"version-history":[{"count":16,"href":"https:\/\/www.rufv-bruckhausen.de\/index.php?rest_route=\/wp\/v2\/pages\/78\/revisions"}],"predecessor-version":[{"id":630,"href":"https:\/\/www.rufv-bruckhausen.de\/index.php?rest_route=\/wp\/v2\/pages\/78\/revisions\/630"}],"wp:attachment":[{"href":"https:\/\/www.rufv-bruckhausen.de\/index.php?rest_route=%2Fwp%2Fv2%2Fmedia&parent=78"}],"curies":[{"name":"wp","href":"https:\/\/api.w.org\/{rel}","templated":true}]}}